{"id":2476,"date":"2020-04-07T15:33:55","date_gmt":"2020-04-07T19:33:55","guid":{"rendered":"https:\/\/conalti.org\/?page_id=2476"},"modified":"2020-05-03T17:50:09","modified_gmt":"2020-05-03T21:50:09","slug":"miembros","status":"publish","type":"page","link":"https:\/\/conalti.org\/en\/miembros\/","title":{"rendered":"Miembros"},"content":{"rendered":"<p>Nuestros miembros son traductores o int\u00e9rpretes profesionales con estudios universitarios en traducci\u00f3n e interpretaci\u00f3n o amplia experiencia en esos campos. <\/p>\n\n\n\n<p>En nuestro directorio encontrar\u00e1 informaci\u00f3n b\u00e1sica de nuestros miembros.<\/p>\n\n\n\n\t<p class=\"bps-error\"><strong>BP Profile Search 5.8.3<\/strong> error: Form ID \"2739\" is empty or nonexistent.<\/p>","protected":false},"excerpt":{"rendered":"<div class=\"mh-excerpt\"><p>Nuestros miembros son traductores o int\u00e9rpretes profesionales con estudios universitarios en traducci\u00f3n e interpretaci\u00f3n o amplia experiencia en esos campos. En nuestro directorio encontrar\u00e1 informaci\u00f3n <a class=\"mh-excerpt-more\" href=\"https:\/\/conalti.org\/en\/miembros\/\" title=\"Miembros\">[&#8230;]<\/a><\/p>\n<\/div>","protected":false},"author":16,"featured_media":0,"parent":0,"menu_order":0,"comment_status":"closed","ping_status":"closed","template":"","meta":{"footnotes":""},"class_list":["post-2476","page","type-page","status-publish","hentry"],"_links":{"self":[{"href":"https:\/\/conalti.org\/en\/wp-json\/wp\/v2\/pages\/2476","targetHints":{"allow":["GET"]}}],"collection":[{"href":"https:\/\/conalti.org\/en\/wp-json\/wp\/v2\/pages"}],"about":[{"href":"https:\/\/conalti.org\/en\/wp-json\/wp\/v2\/types\/page"}],"author":[{"embeddable":true,"href":"https:\/\/conalti.org\/en\/wp-json\/wp\/v2\/users\/16"}],"replies":[{"embeddable":true,"href":"https:\/\/conalti.org\/en\/wp-json\/wp\/v2\/comments?post=2476"}],"version-history":[{"count":2,"href":"https:\/\/conalti.org\/en\/wp-json\/wp\/v2\/pages\/2476\/revisions"}],"predecessor-version":[{"id":2976,"href":"https:\/\/conalti.org\/en\/wp-json\/wp\/v2\/pages\/2476\/revisions\/2976"}],"wp:attachment":[{"href":"https:\/\/conalti.org\/en\/wp-json\/wp\/v2\/media?parent=2476"}],"curies":[{"name":"wp","href":"https:\/\/api.w.org\/{rel}","templated":true}]}}