{"id":36,"date":"2013-04-12T10:53:23","date_gmt":"2013-04-12T15:23:23","guid":{"rendered":"https:\/\/conalti.org\/?page_id=36"},"modified":"2025-12-01T16:36:53","modified_gmt":"2025-12-01T20:36:53","slug":"directorio","status":"publish","type":"page","link":"https:\/\/conalti.org\/en\/directorio\/","title":{"rendered":"Directory of Members"},"content":{"rendered":"<p>All CONALTI\u00a9 members are qualified professionals\u2014translators and\/or interpreters\u2014 who hold a university degree or have many years of proven practical experience in their fields.<br \/><!--:--><\/p>\n\n\n<p>Refine your search using the advanced fields, choosing by professional type or language combination.<\/p>","protected":false},"excerpt":{"rendered":"<div class=\"mh-excerpt\"><p><!--:es-->Nuestros miembros son traductores o int\u00e9rpretes profesionales con estudios universitarios en traducci\u00f3n e interpretaci\u00f3n o amplia experiencia en esos campos. En nuestro directorio encontrar\u00e1 informaci\u00f3n b\u00e1sica acerca de nuestros miembros&#8230;<!--:--><!--:EN-->All members of our association are professional translators and\/or interpreters who have university degrees or many years of practical experience in their fields. Our directory provides basic information on each of our members. Visitors will find a detailed profile of any individual member&#8230;<!--:--><\/p>\n<\/div>","protected":false},"author":1,"featured_media":0,"parent":0,"menu_order":2,"comment_status":"closed","ping_status":"closed","template":"","meta":{"footnotes":""},"class_list":["post-36","page","type-page","status-publish","hentry"],"_links":{"self":[{"href":"https:\/\/conalti.org\/en\/wp-json\/wp\/v2\/pages\/36","targetHints":{"allow":["GET"]}}],"collection":[{"href":"https:\/\/conalti.org\/en\/wp-json\/wp\/v2\/pages"}],"about":[{"href":"https:\/\/conalti.org\/en\/wp-json\/wp\/v2\/types\/page"}],"author":[{"embeddable":true,"href":"https:\/\/conalti.org\/en\/wp-json\/wp\/v2\/users\/1"}],"replies":[{"embeddable":true,"href":"https:\/\/conalti.org\/en\/wp-json\/wp\/v2\/comments?post=36"}],"version-history":[{"count":11,"href":"https:\/\/conalti.org\/en\/wp-json\/wp\/v2\/pages\/36\/revisions"}],"predecessor-version":[{"id":5539,"href":"https:\/\/conalti.org\/en\/wp-json\/wp\/v2\/pages\/36\/revisions\/5539"}],"wp:attachment":[{"href":"https:\/\/conalti.org\/en\/wp-json\/wp\/v2\/media?parent=36"}],"curies":[{"name":"wp","href":"https:\/\/api.w.org\/{rel}","templated":true}]}}